{"id":2085,"date":"2020-10-01T14:57:29","date_gmt":"2020-10-01T14:57:29","guid":{"rendered":"https:\/\/mldevco.ca\/?page_id=2085"},"modified":"2023-10-30T10:37:41","modified_gmt":"2023-10-30T14:37:41","slug":"contact","status":"publish","type":"page","link":"https:\/\/mldevco.ca\/fr\/contact\/","title":{"rendered":"Contact"},"content":{"rendered":"\t\t<div data-elementor-type=\"wp-post\" data-elementor-id=\"2085\" class=\"elementor elementor-2085 elementor-1188\">\n\t\t\t\t\t\t<section class=\"elementor-section elementor-top-section elementor-element elementor-element-35137e3 elementor-section-height-min-height elementor-section-items-bottom elementor-section-boxed elementor-section-height-default\" data-id=\"35137e3\" data-element_type=\"section\" data-settings=\"{&quot;jet_parallax_layout_list&quot;:[{&quot;jet_parallax_layout_image&quot;:{&quot;url&quot;:&quot;&quot;,&quot;id&quot;:&quot;&quot;,&quot;size&quot;:&quot;&quot;},&quot;_id&quot;:&quot;df318b4&quot;,&quot;jet_parallax_layout_speed&quot;:{&quot;unit&quot;:&quot;%&quot;,&quot;size&quot;:&quot;50&quot;,&quot;sizes&quot;:[]},&quot;jet_parallax_layout_bg_x&quot;:&quot;50&quot;,&quot;jet_parallax_layout_bg_y&quot;:&quot;50&quot;,&quot;jet_parallax_layout_image_tablet&quot;:{&quot;url&quot;:&quot;&quot;,&quot;id&quot;:&quot;&quot;,&quot;size&quot;:&quot;&quot;},&quot;jet_parallax_layout_image_mobile&quot;:{&quot;url&quot;:&quot;&quot;,&quot;id&quot;:&quot;&quot;,&quot;size&quot;:&quot;&quot;},&quot;jet_parallax_layout_type&quot;:&quot;scroll&quot;,&quot;jet_parallax_layout_direction&quot;:null,&quot;jet_parallax_layout_fx_direction&quot;:null,&quot;jet_parallax_layout_z_index&quot;:&quot;&quot;,&quot;jet_parallax_layout_bg_x_tablet&quot;:&quot;&quot;,&quot;jet_parallax_layout_bg_x_mobile&quot;:&quot;&quot;,&quot;jet_parallax_layout_bg_y_tablet&quot;:&quot;&quot;,&quot;jet_parallax_layout_bg_y_mobile&quot;:&quot;&quot;,&quot;jet_parallax_layout_bg_size&quot;:&quot;auto&quot;,&quot;jet_parallax_layout_bg_size_tablet&quot;:&quot;&quot;,&quot;jet_parallax_layout_bg_size_mobile&quot;:&quot;&quot;,&quot;jet_parallax_layout_animation_prop&quot;:&quot;transform&quot;,&quot;jet_parallax_layout_on&quot;:[&quot;desktop&quot;,&quot;tablet&quot;]}],&quot;background_background&quot;:&quot;classic&quot;}\">\n\t\t\t\t\t\t\t<div class=\"elementor-background-overlay\"><\/div>\n\t\t\t\t\t\t\t<div class=\"elementor-container elementor-column-gap-default\">\n\t\t\t\t\t<div class=\"elementor-column elementor-col-100 elementor-top-column elementor-element elementor-element-f4b1ce8\" data-id=\"f4b1ce8\" data-element_type=\"column\">\n\t\t\t<div class=\"elementor-widget-wrap elementor-element-populated\">\n\t\t\t\t\t\t<div class=\"elementor-element elementor-element-04d2078 elementor-mobile-align-left elementor-align-left elementor-widget elementor-widget-raven-heading\" data-id=\"04d2078\" data-element_type=\"widget\" data-widget_type=\"raven-heading.default\">\n\t\t\t\t<div class=\"elementor-widget-container\">\n\t\t\t\t\t<div class=\"raven-widget-wrapper\"><p class=\"raven-heading raven-heading-p\"><span class=\"raven-heading-title \">Contact<\/span><\/p><\/div>\n\t\t\t\t<\/div>\n\t\t\t\t<\/div>\n\t\t\t\t\t<\/div>\n\t\t<\/div>\n\t\t\t\t\t<\/div>\n\t\t<\/section>\n\t\t\t\t<section class=\"elementor-section elementor-top-section elementor-element elementor-element-d9cf048 elementor-section-boxed elementor-section-height-default elementor-section-height-default\" data-id=\"d9cf048\" data-element_type=\"section\" data-settings=\"{&quot;jet_parallax_layout_list&quot;:[{&quot;jet_parallax_layout_image&quot;:{&quot;url&quot;:&quot;&quot;,&quot;id&quot;:&quot;&quot;,&quot;size&quot;:&quot;&quot;},&quot;_id&quot;:&quot;bb39b5e&quot;,&quot;jet_parallax_layout_speed&quot;:{&quot;unit&quot;:&quot;%&quot;,&quot;size&quot;:&quot;50&quot;,&quot;sizes&quot;:[]},&quot;jet_parallax_layout_bg_x&quot;:&quot;50&quot;,&quot;jet_parallax_layout_bg_y&quot;:&quot;50&quot;,&quot;jet_parallax_layout_image_tablet&quot;:{&quot;url&quot;:&quot;&quot;,&quot;id&quot;:&quot;&quot;,&quot;size&quot;:&quot;&quot;},&quot;jet_parallax_layout_image_mobile&quot;:{&quot;url&quot;:&quot;&quot;,&quot;id&quot;:&quot;&quot;,&quot;size&quot;:&quot;&quot;},&quot;jet_parallax_layout_type&quot;:&quot;scroll&quot;,&quot;jet_parallax_layout_direction&quot;:null,&quot;jet_parallax_layout_fx_direction&quot;:null,&quot;jet_parallax_layout_z_index&quot;:&quot;&quot;,&quot;jet_parallax_layout_bg_x_tablet&quot;:&quot;&quot;,&quot;jet_parallax_layout_bg_x_mobile&quot;:&quot;&quot;,&quot;jet_parallax_layout_bg_y_tablet&quot;:&quot;&quot;,&quot;jet_parallax_layout_bg_y_mobile&quot;:&quot;&quot;,&quot;jet_parallax_layout_bg_size&quot;:&quot;auto&quot;,&quot;jet_parallax_layout_bg_size_tablet&quot;:&quot;&quot;,&quot;jet_parallax_layout_bg_size_mobile&quot;:&quot;&quot;,&quot;jet_parallax_layout_animation_prop&quot;:&quot;transform&quot;,&quot;jet_parallax_layout_on&quot;:[&quot;desktop&quot;,&quot;tablet&quot;]}]}\">\n\t\t\t\t\t\t<div class=\"elementor-container elementor-column-gap-default\">\n\t\t\t\t\t<div class=\"elementor-column elementor-col-50 elementor-top-column elementor-element elementor-element-e431ce0\" data-id=\"e431ce0\" data-element_type=\"column\">\n\t\t\t<div class=\"elementor-widget-wrap elementor-element-populated\">\n\t\t\t\t\t\t<div class=\"elementor-element elementor-element-977b4b2 elementor-align-left elementor-widget elementor-widget-raven-heading\" data-id=\"977b4b2\" data-element_type=\"widget\" data-widget_type=\"raven-heading.default\">\n\t\t\t\t<div class=\"elementor-widget-container\">\n\t\t\t\t\t<div class=\"raven-widget-wrapper\"><h2 class=\"raven-heading raven-heading-h2\"><span class=\"raven-heading-title \">Montr\u00e9al<\/span><\/h2><\/div>\n\t\t\t\t<\/div>\n\t\t\t\t<\/div>\n\t\t\t\t<div class=\"elementor-element elementor-element-fd07f4b elementor-widget elementor-widget-text-editor\" data-id=\"fd07f4b\" data-element_type=\"widget\" data-widget_type=\"text-editor.default\">\n\t\t\t\t<div class=\"elementor-widget-container\">\n\t\t\t\t\t\t\t<div class=\"\">800, rue du Square-Victoria, bureau 4120<br class=\"\" \/>Montr\u00e9al (Qu\u00e9bec)<br class=\"\" \/>H3C 0B4<\/div><div class=\"\">514-875-6010<\/div>\t\t\t\t\t\t<\/div>\n\t\t\t\t<\/div>\n\t\t\t\t<div class=\"elementor-element elementor-element-8a3c978 elementor-widget elementor-widget-spacer\" data-id=\"8a3c978\" data-element_type=\"widget\" data-widget_type=\"spacer.default\">\n\t\t\t\t<div class=\"elementor-widget-container\">\n\t\t\t\t\t<div class=\"elementor-spacer\">\n\t\t\t<div class=\"elementor-spacer-inner\"><\/div>\n\t\t<\/div>\n\t\t\t\t<\/div>\n\t\t\t\t<\/div>\n\t\t\t\t<div class=\"elementor-element elementor-element-9e2d3f9 elementor-align-left elementor-widget elementor-widget-raven-heading\" data-id=\"9e2d3f9\" data-element_type=\"widget\" data-widget_type=\"raven-heading.default\">\n\t\t\t\t<div class=\"elementor-widget-container\">\n\t\t\t\t\t<div class=\"raven-widget-wrapper\"><h2 class=\"raven-heading raven-heading-h2\"><span class=\"raven-heading-title \">Ottawa<\/span><\/h2><\/div>\n\t\t\t\t<\/div>\n\t\t\t\t<\/div>\n\t\t\t\t<div class=\"elementor-element elementor-element-48e630b elementor-widget elementor-widget-text-editor\" data-id=\"48e630b\" data-element_type=\"widget\" data-widget_type=\"text-editor.default\">\n\t\t\t\t<div class=\"elementor-widget-container\">\n\t\t\t\t\t\t\t<p>411, avenue Roosevelt, bureau 300<br \/>Ottawa (Ontario)<br \/>K2A 3X9<br \/>613-686-6319<\/p>\t\t\t\t\t\t<\/div>\n\t\t\t\t<\/div>\n\t\t\t\t<div class=\"elementor-element elementor-element-d83077d elementor-widget elementor-widget-text-editor\" data-id=\"d83077d\" data-element_type=\"widget\" data-widget_type=\"text-editor.default\">\n\t\t\t\t<div class=\"elementor-widget-container\">\n\t\t\t\t\t\t\t<a href=\"mailto:info@mldevco.ca\">info@mldevco.ca<\/a>\t\t\t\t\t\t<\/div>\n\t\t\t\t<\/div>\n\t\t\t\t\t<\/div>\n\t\t<\/div>\n\t\t\t\t<div class=\"elementor-column elementor-col-50 elementor-top-column elementor-element elementor-element-797aab2\" data-id=\"797aab2\" data-element_type=\"column\" data-settings=\"{&quot;background_background&quot;:&quot;classic&quot;}\">\n\t\t\t<div class=\"elementor-widget-wrap elementor-element-populated\">\n\t\t\t\t\t\t<div class=\"elementor-element elementor-element-3edd984 raven-form-button-align-spaced elementor-widget elementor-widget-raven-form\" data-id=\"3edd984\" data-element_type=\"widget\" data-settings=\"{&quot;fields&quot;:[{&quot;label&quot;:&quot;Prenom&quot;,&quot;_id&quot;:&quot;8fcde89&quot;,&quot;required&quot;:&quot;true&quot;,&quot;acceptance_text&quot;:null,&quot;width&quot;:&quot;50&quot;,&quot;step_previous_button&quot;:null,&quot;step_next_button&quot;:null,&quot;type&quot;:&quot;text&quot;,&quot;placeholder&quot;:&quot;&quot;,&quot;recaptcha_badge&quot;:null,&quot;recaptcha_theme&quot;:null,&quot;recaptcha_size&quot;:null,&quot;checked_by_default&quot;:null,&quot;min_time&quot;:null,&quot;max_time&quot;:null,&quot;min_date&quot;:null,&quot;max_date&quot;:null,&quot;localization&quot;:null,&quot;min&quot;:null,&quot;max&quot;:null,&quot;field_options&quot;:null,&quot;inline_list&quot;:null,&quot;native_html5&quot;:null,&quot;multiple_selection&quot;:null,&quot;rows&quot;:null,&quot;iti_tel&quot;:null,&quot;iti_tel_tel_type&quot;:null,&quot;iti_tel_require_area&quot;:null,&quot;iti_tel_allow_dropdown&quot;:null,&quot;iti_tel_country_include&quot;:null,&quot;iti_tel_ip_detect&quot;:null,&quot;iti_tel_internationalize&quot;:null,&quot;file_sizes&quot;:null,&quot;file_types&quot;:null,&quot;allow_multiple_upload&quot;:null,&quot;max_files&quot;:null,&quot;step_icon&quot;:null,&quot;field_value&quot;:&quot;&quot;,&quot;field_custom_id&quot;:&quot;&quot;},{&quot;label&quot;:&quot;Nom&quot;,&quot;required&quot;:&quot;true&quot;,&quot;acceptance_text&quot;:null,&quot;width&quot;:&quot;50&quot;,&quot;_id&quot;:&quot;0a4dd2a&quot;,&quot;step_previous_button&quot;:null,&quot;step_next_button&quot;:null,&quot;type&quot;:&quot;text&quot;,&quot;placeholder&quot;:&quot;&quot;,&quot;recaptcha_badge&quot;:null,&quot;recaptcha_theme&quot;:null,&quot;recaptcha_size&quot;:null,&quot;checked_by_default&quot;:null,&quot;min_time&quot;:null,&quot;max_time&quot;:null,&quot;min_date&quot;:null,&quot;max_date&quot;:null,&quot;localization&quot;:null,&quot;min&quot;:null,&quot;max&quot;:null,&quot;field_options&quot;:null,&quot;inline_list&quot;:null,&quot;native_html5&quot;:null,&quot;multiple_selection&quot;:null,&quot;rows&quot;:null,&quot;iti_tel&quot;:null,&quot;iti_tel_tel_type&quot;:null,&quot;iti_tel_require_area&quot;:null,&quot;iti_tel_allow_dropdown&quot;:null,&quot;iti_tel_country_include&quot;:null,&quot;iti_tel_ip_detect&quot;:null,&quot;iti_tel_internationalize&quot;:null,&quot;file_sizes&quot;:null,&quot;file_types&quot;:null,&quot;allow_multiple_upload&quot;:null,&quot;max_files&quot;:null,&quot;step_icon&quot;:null,&quot;field_value&quot;:&quot;&quot;,&quot;field_custom_id&quot;:&quot;&quot;},{&quot;label&quot;:&quot;Courriel&quot;,&quot;type&quot;:&quot;email&quot;,&quot;_id&quot;:&quot;6ea29fe&quot;,&quot;required&quot;:&quot;true&quot;,&quot;acceptance_text&quot;:null,&quot;width&quot;:&quot;50&quot;,&quot;step_previous_button&quot;:null,&quot;step_next_button&quot;:null,&quot;placeholder&quot;:&quot;&quot;,&quot;recaptcha_badge&quot;:null,&quot;recaptcha_theme&quot;:null,&quot;recaptcha_size&quot;:null,&quot;checked_by_default&quot;:null,&quot;min_time&quot;:null,&quot;max_time&quot;:null,&quot;min_date&quot;:null,&quot;max_date&quot;:null,&quot;localization&quot;:null,&quot;min&quot;:null,&quot;max&quot;:null,&quot;field_options&quot;:null,&quot;inline_list&quot;:null,&quot;native_html5&quot;:null,&quot;multiple_selection&quot;:null,&quot;rows&quot;:null,&quot;iti_tel&quot;:null,&quot;iti_tel_tel_type&quot;:null,&quot;iti_tel_require_area&quot;:null,&quot;iti_tel_allow_dropdown&quot;:null,&quot;iti_tel_country_include&quot;:null,&quot;iti_tel_ip_detect&quot;:null,&quot;iti_tel_internationalize&quot;:null,&quot;file_sizes&quot;:null,&quot;file_types&quot;:null,&quot;allow_multiple_upload&quot;:null,&quot;max_files&quot;:null,&quot;step_icon&quot;:null,&quot;field_value&quot;:&quot;&quot;,&quot;field_custom_id&quot;:&quot;&quot;},{&quot;label&quot;:&quot;T\\u00e9l\\u00e9phone&quot;,&quot;type&quot;:&quot;tel&quot;,&quot;required&quot;:&quot;true&quot;,&quot;acceptance_text&quot;:null,&quot;width&quot;:&quot;50&quot;,&quot;_id&quot;:&quot;cae98a7&quot;,&quot;step_previous_button&quot;:null,&quot;step_next_button&quot;:null,&quot;placeholder&quot;:&quot;&quot;,&quot;recaptcha_badge&quot;:null,&quot;recaptcha_theme&quot;:null,&quot;recaptcha_size&quot;:null,&quot;checked_by_default&quot;:null,&quot;min_time&quot;:null,&quot;max_time&quot;:null,&quot;min_date&quot;:null,&quot;max_date&quot;:null,&quot;localization&quot;:null,&quot;min&quot;:null,&quot;max&quot;:null,&quot;field_options&quot;:null,&quot;inline_list&quot;:null,&quot;native_html5&quot;:null,&quot;multiple_selection&quot;:null,&quot;rows&quot;:null,&quot;iti_tel&quot;:&quot;&quot;,&quot;iti_tel_tel_type&quot;:null,&quot;iti_tel_require_area&quot;:null,&quot;iti_tel_allow_dropdown&quot;:null,&quot;iti_tel_country_include&quot;:null,&quot;iti_tel_ip_detect&quot;:null,&quot;iti_tel_internationalize&quot;:null,&quot;file_sizes&quot;:null,&quot;file_types&quot;:null,&quot;allow_multiple_upload&quot;:null,&quot;max_files&quot;:null,&quot;step_icon&quot;:null,&quot;field_value&quot;:&quot;&quot;,&quot;field_custom_id&quot;:&quot;&quot;},{&quot;_id&quot;:&quot;aa000c1&quot;,&quot;type&quot;:&quot;textarea&quot;,&quot;label&quot;:&quot;Message&quot;,&quot;acceptance_text&quot;:null,&quot;rows&quot;:3,&quot;step_previous_button&quot;:null,&quot;step_next_button&quot;:null,&quot;placeholder&quot;:&quot;&quot;,&quot;recaptcha_badge&quot;:null,&quot;recaptcha_theme&quot;:null,&quot;recaptcha_size&quot;:null,&quot;checked_by_default&quot;:null,&quot;min_time&quot;:null,&quot;max_time&quot;:null,&quot;min_date&quot;:null,&quot;max_date&quot;:null,&quot;localization&quot;:null,&quot;min&quot;:null,&quot;max&quot;:null,&quot;field_options&quot;:null,&quot;inline_list&quot;:null,&quot;native_html5&quot;:null,&quot;multiple_selection&quot;:null,&quot;required&quot;:&quot;&quot;,&quot;iti_tel&quot;:null,&quot;iti_tel_tel_type&quot;:null,&quot;iti_tel_require_area&quot;:null,&quot;iti_tel_allow_dropdown&quot;:null,&quot;iti_tel_country_include&quot;:null,&quot;iti_tel_ip_detect&quot;:null,&quot;iti_tel_internationalize&quot;:null,&quot;file_sizes&quot;:null,&quot;file_types&quot;:null,&quot;allow_multiple_upload&quot;:null,&quot;max_files&quot;:null,&quot;step_icon&quot;:null,&quot;width&quot;:&quot;100&quot;,&quot;field_value&quot;:&quot;&quot;,&quot;field_custom_id&quot;:&quot;&quot;}],&quot;steps_type&quot;:&quot;number&quot;,&quot;steps_icon_shape&quot;:&quot;circle&quot;}\" data-widget_type=\"raven-form.default\">\n\t\t\t\t<div class=\"elementor-widget-container\">\n\t\t\t\t\t<form class=\"raven-form raven-flex raven-flex-wrap raven-flex-bottom\" method=\"post\" name=\"New form\">\n\t\t\t<input type=\"hidden\" name=\"post_id\" value=\"2085\" \/>\n\t\t\t<input type=\"hidden\" name=\"form_id\" value=\"3edd984\" \/>\n\t\t\t\t\t<div id=\"raven-field-group-8fcde89\" class=\"raven-flex-wrap raven-field-type-text raven-field-group elementor-column elementor-col-50 raven-field-required\">\n\t\t\t\t\t<label\n\t\t\tfor=\"form-field-8fcde89\"\n\t\t\tclass=\"raven-field-label\">\n\t\t\tPrenom\t\t\t\t\t\t\t<span class=\"required-mark-label\"><\/span>\n\t\t\t\t\t\t<\/label>\n\t\t\t\t<input\n\t\t\toninput=\"onInvalidRavenFormField(event)\"\n\t\t\toninvalid=\"onInvalidRavenFormField(event)\"\n\t\t\ttype=\"text\" name=\"fields[8fcde89]\" id=\"form-field-8fcde89\" class=\"raven-field\" placeholder=\"\" data-type=\"text\" required=\"required\">\n\t\t\t\t<\/div>\n\t\t\t\t<div id=\"raven-field-group-0a4dd2a\" class=\"raven-flex-wrap raven-field-type-text raven-field-group elementor-column elementor-col-50 raven-field-required\">\n\t\t\t\t\t<label\n\t\t\tfor=\"form-field-0a4dd2a\"\n\t\t\tclass=\"raven-field-label\">\n\t\t\tNom\t\t\t\t\t\t\t<span class=\"required-mark-label\"><\/span>\n\t\t\t\t\t\t<\/label>\n\t\t\t\t<input\n\t\t\toninput=\"onInvalidRavenFormField(event)\"\n\t\t\toninvalid=\"onInvalidRavenFormField(event)\"\n\t\t\ttype=\"text\" name=\"fields[0a4dd2a]\" id=\"form-field-0a4dd2a\" class=\"raven-field\" placeholder=\"\" data-type=\"text\" required=\"required\">\n\t\t\t\t<\/div>\n\t\t\t\t<div id=\"raven-field-group-6ea29fe\" class=\"raven-flex-wrap raven-field-type-email raven-field-group elementor-column elementor-col-50 raven-field-required\">\n\t\t\t\t\t<label\n\t\t\tfor=\"form-field-6ea29fe\"\n\t\t\tclass=\"raven-field-label\">\n\t\t\tCourriel\t\t\t\t\t\t\t<span class=\"required-mark-label\"><\/span>\n\t\t\t\t\t\t<\/label>\n\t\t\t\t<input\n\t\t\toninput=\"onInvalidRavenFormField(event)\"\n\t\t\toninvalid=\"onInvalidRavenFormField(event)\"\n\t\t\ttype=\"email\" name=\"fields[6ea29fe]\" id=\"form-field-6ea29fe\" class=\"raven-field\" placeholder=\"\" data-type=\"email\" required=\"required\">\n\t\t\t\t<\/div>\n\t\t\t\t<div id=\"raven-field-group-cae98a7\" class=\"raven-flex-wrap raven-field-type-tel raven-field-group elementor-column elementor-col-50 raven-field-required\">\n\t\t\t\t\t<label\n\t\t\tfor=\"form-field-cae98a7\"\n\t\t\tclass=\"raven-field-label\">\n\t\t\tT\u00e9l\u00e9phone\t\t\t\t\t\t\t<span class=\"required-mark-label\"><\/span>\n\t\t\t\t\t\t<\/label>\n\t\t\t\t<input\n\t\t\toninput=\"onInvalidRavenFormField(event)\"\n\t\t\toninvalid=\"onInvalidRavenFormField(event)\"\n\t\t\ttype=\"tel\" name=\"fields[cae98a7]\" id=\"form-field-cae98a7\" class=\"raven-field\" placeholder=\"\" data-type=\"tel\" required=\"required\" pattern=\"^[0-9\\-\\+\\s\\(\\)]*$\" title=\"The value should only consist numbers and phone characters (-, +, (), etc)\">\n\t\t\t\t<\/div>\n\t\t\t\t<div id=\"raven-field-group-aa000c1\" class=\"raven-flex-wrap raven-field-type-textarea raven-field-group elementor-column elementor-col-100\">\n\t\t\t\t\t<label\n\t\t\tfor=\"form-field-aa000c1\"\n\t\t\tclass=\"raven-field-label\">\n\t\t\tMessage\t\t\t\t\t\t<\/label>\n\t\t\t\t<textarea\n\t\t\toninput=\"onInvalidRavenFormField(event)\"\n\t\t\toninvalid=\"onInvalidRavenFormField(event)\"\n\t\t\ttype=\"textarea\" name=\"fields[aa000c1]\" id=\"form-field-aa000c1\" class=\"raven-field\" placeholder=\"\" data-type=\"textarea\"\t\t\trows=\"3\"><\/textarea>\n\t\t\t\t<\/div>\n\t\t\t\t\t\t\t<div class=\"raven-field-group raven-field-type-submit-button elementor-column elementor-col-100\">\n\t\t\t\t\t\t\t\t\t<button class=\"raven-submit-button\" type=\"submit\">\n\t\t\t\t\t\t<span>Soumettre<\/span>\n\t\t<\/button>\n\t\t\t\t\t\t\t<\/div>\n\t\t\t\t<\/form>\n\n\t\t\t\t\t\t<\/div>\n\t\t\t\t<\/div>\n\t\t\t\t\t<\/div>\n\t\t<\/div>\n\t\t\t\t\t<\/div>\n\t\t<\/section>\n\t\t\t\t<\/div>\n\t\t","protected":false},"excerpt":{"rendered":"<p>Contact Montr\u00e9al 800, rue du Square-Victoria, bureau 4120Montr\u00e9al (Qu\u00e9bec)H3C 0B4514-875-6010 Ottawa 411, avenue Roosevelt, bureau 300Ottawa (Ontario)K2A 3X9613-686-6319 info@mldevco.ca Prenom Nom Courriel T\u00e9l\u00e9phone Message Soumettre<\/p>\n","protected":false},"author":2,"featured_media":0,"parent":0,"menu_order":0,"comment_status":"closed","ping_status":"closed","template":"elementor_header_footer","meta":{"footnotes":""},"acf":[],"yoast_head":"<!-- This site is optimized with the Yoast SEO plugin v22.1 - https:\/\/yoast.com\/wordpress\/plugins\/seo\/ -->\n<title>Contact - ML DEVCO<\/title>\n<meta name=\"robots\" content=\"index, follow, max-snippet:-1, max-image-preview:large, max-video-preview:-1\" \/>\n<link rel=\"canonical\" href=\"https:\/\/mldevco.ca\/contact\/\" \/>\n<meta property=\"og:locale\" content=\"fr_FR\" \/>\n<meta property=\"og:type\" content=\"article\" \/>\n<meta property=\"og:title\" content=\"Contact - ML DEVCO\" \/>\n<meta property=\"og:description\" content=\"Contact Montr\u00e9al 800, rue du Square-Victoria, bureau 4120Montr\u00e9al (Qu\u00e9bec)H3C 0B4514-875-6010 Ottawa 411, avenue Roosevelt, bureau 300Ottawa (Ontario)K2A 3X9613-686-6319 info@mldevco.ca Prenom Nom Courriel T\u00e9l\u00e9phone Message Soumettre\" \/>\n<meta property=\"og:url\" content=\"https:\/\/mldevco.ca\/contact\/\" \/>\n<meta property=\"og:site_name\" content=\"ML DEVCO\" \/>\n<meta property=\"article:modified_time\" content=\"2023-10-30T14:37:41+00:00\" \/>\n<meta property=\"og:image\" content=\"https:\/\/mldevco.ca\/wp-content\/uploads\/2020\/06\/Complexe-du-Fort-nice-picture.jpg\" \/>\n\t<meta property=\"og:image:width\" content=\"1139\" \/>\n\t<meta property=\"og:image:height\" content=\"760\" \/>\n\t<meta property=\"og:image:type\" content=\"image\/jpeg\" \/>\n<meta name=\"twitter:card\" content=\"summary_large_image\" \/>\n<meta name=\"twitter:label1\" content=\"Dur\u00e9e de lecture estim\u00e9e\" \/>\n\t<meta name=\"twitter:data1\" content=\"1 minute\" \/>\n<script type=\"application\/ld+json\" class=\"yoast-schema-graph\">{\"@context\":\"https:\/\/schema.org\",\"@graph\":[{\"@type\":\"WebPage\",\"@id\":\"https:\/\/mldevco.ca\/contact\/\",\"url\":\"https:\/\/mldevco.ca\/contact\/\",\"name\":\"Contact - ML DEVCO\",\"isPartOf\":{\"@id\":\"https:\/\/mldevco.ca\/#website\"},\"datePublished\":\"2020-10-01T14:57:29+00:00\",\"dateModified\":\"2023-10-30T14:37:41+00:00\",\"breadcrumb\":{\"@id\":\"https:\/\/mldevco.ca\/contact\/#breadcrumb\"},\"inLanguage\":\"fr-FR\",\"potentialAction\":[{\"@type\":\"ReadAction\",\"target\":[\"https:\/\/mldevco.ca\/contact\/\"]}]},{\"@type\":\"BreadcrumbList\",\"@id\":\"https:\/\/mldevco.ca\/contact\/#breadcrumb\",\"itemListElement\":[{\"@type\":\"ListItem\",\"position\":1,\"name\":\"Home\",\"item\":\"https:\/\/mldevco.ca\/\"},{\"@type\":\"ListItem\",\"position\":2,\"name\":\"Contact\"}]},{\"@type\":\"WebSite\",\"@id\":\"https:\/\/mldevco.ca\/#website\",\"url\":\"https:\/\/mldevco.ca\/\",\"name\":\"ML Devco\",\"description\":\"ML DEVCO\",\"publisher\":{\"@id\":\"https:\/\/mldevco.ca\/#organization\"},\"potentialAction\":[{\"@type\":\"SearchAction\",\"target\":{\"@type\":\"EntryPoint\",\"urlTemplate\":\"https:\/\/mldevco.ca\/?s={search_term_string}\"},\"query-input\":\"required name=search_term_string\"}],\"inLanguage\":\"fr-FR\"},{\"@type\":\"Organization\",\"@id\":\"https:\/\/mldevco.ca\/#organization\",\"name\":\"ML Devco\",\"url\":\"https:\/\/mldevco.ca\/\",\"logo\":{\"@type\":\"ImageObject\",\"inLanguage\":\"fr-FR\",\"@id\":\"https:\/\/mldevco.ca\/#\/schema\/logo\/image\/\",\"url\":\"https:\/\/mldevco.ca\/wp-content\/uploads\/2020\/06\/logo.png\",\"contentUrl\":\"https:\/\/mldevco.ca\/wp-content\/uploads\/2020\/06\/logo.png\",\"width\":239,\"height\":350,\"caption\":\"ML Devco\"},\"image\":{\"@id\":\"https:\/\/mldevco.ca\/#\/schema\/logo\/image\/\"}}]}<\/script>\n<!-- \/ Yoast SEO plugin. -->","yoast_head_json":{"title":"Contact - ML DEVCO","robots":{"index":"index","follow":"follow","max-snippet":"max-snippet:-1","max-image-preview":"max-image-preview:large","max-video-preview":"max-video-preview:-1"},"canonical":"https:\/\/mldevco.ca\/contact\/","og_locale":"fr_FR","og_type":"article","og_title":"Contact - ML DEVCO","og_description":"Contact Montr\u00e9al 800, rue du Square-Victoria, bureau 4120Montr\u00e9al (Qu\u00e9bec)H3C 0B4514-875-6010 Ottawa 411, avenue Roosevelt, bureau 300Ottawa (Ontario)K2A 3X9613-686-6319 info@mldevco.ca Prenom Nom Courriel T\u00e9l\u00e9phone Message Soumettre","og_url":"https:\/\/mldevco.ca\/contact\/","og_site_name":"ML DEVCO","article_modified_time":"2023-10-30T14:37:41+00:00","og_image":[{"width":1139,"height":760,"url":"https:\/\/mldevco.ca\/wp-content\/uploads\/2020\/06\/Complexe-du-Fort-nice-picture.jpg","type":"image\/jpeg"}],"twitter_card":"summary_large_image","twitter_misc":{"Dur\u00e9e de lecture estim\u00e9e":"1 minute"},"schema":{"@context":"https:\/\/schema.org","@graph":[{"@type":"WebPage","@id":"https:\/\/mldevco.ca\/contact\/","url":"https:\/\/mldevco.ca\/contact\/","name":"Contact - ML DEVCO","isPartOf":{"@id":"https:\/\/mldevco.ca\/#website"},"datePublished":"2020-10-01T14:57:29+00:00","dateModified":"2023-10-30T14:37:41+00:00","breadcrumb":{"@id":"https:\/\/mldevco.ca\/contact\/#breadcrumb"},"inLanguage":"fr-FR","potentialAction":[{"@type":"ReadAction","target":["https:\/\/mldevco.ca\/contact\/"]}]},{"@type":"BreadcrumbList","@id":"https:\/\/mldevco.ca\/contact\/#breadcrumb","itemListElement":[{"@type":"ListItem","position":1,"name":"Home","item":"https:\/\/mldevco.ca\/"},{"@type":"ListItem","position":2,"name":"Contact"}]},{"@type":"WebSite","@id":"https:\/\/mldevco.ca\/#website","url":"https:\/\/mldevco.ca\/","name":"ML Devco","description":"ML DEVCO","publisher":{"@id":"https:\/\/mldevco.ca\/#organization"},"potentialAction":[{"@type":"SearchAction","target":{"@type":"EntryPoint","urlTemplate":"https:\/\/mldevco.ca\/?s={search_term_string}"},"query-input":"required name=search_term_string"}],"inLanguage":"fr-FR"},{"@type":"Organization","@id":"https:\/\/mldevco.ca\/#organization","name":"ML Devco","url":"https:\/\/mldevco.ca\/","logo":{"@type":"ImageObject","inLanguage":"fr-FR","@id":"https:\/\/mldevco.ca\/#\/schema\/logo\/image\/","url":"https:\/\/mldevco.ca\/wp-content\/uploads\/2020\/06\/logo.png","contentUrl":"https:\/\/mldevco.ca\/wp-content\/uploads\/2020\/06\/logo.png","width":239,"height":350,"caption":"ML Devco"},"image":{"@id":"https:\/\/mldevco.ca\/#\/schema\/logo\/image\/"}}]}},"_links":{"self":[{"href":"https:\/\/mldevco.ca\/fr\/wp-json\/wp\/v2\/pages\/2085"}],"collection":[{"href":"https:\/\/mldevco.ca\/fr\/wp-json\/wp\/v2\/pages"}],"about":[{"href":"https:\/\/mldevco.ca\/fr\/wp-json\/wp\/v2\/types\/page"}],"author":[{"embeddable":true,"href":"https:\/\/mldevco.ca\/fr\/wp-json\/wp\/v2\/users\/2"}],"replies":[{"embeddable":true,"href":"https:\/\/mldevco.ca\/fr\/wp-json\/wp\/v2\/comments?post=2085"}],"version-history":[{"count":17,"href":"https:\/\/mldevco.ca\/fr\/wp-json\/wp\/v2\/pages\/2085\/revisions"}],"predecessor-version":[{"id":2663,"href":"https:\/\/mldevco.ca\/fr\/wp-json\/wp\/v2\/pages\/2085\/revisions\/2663"}],"wp:attachment":[{"href":"https:\/\/mldevco.ca\/fr\/wp-json\/wp\/v2\/media?parent=2085"}],"curies":[{"name":"wp","href":"https:\/\/api.w.org\/{rel}","templated":true}]}}